{"id":147,"date":"2014-04-06T16:41:38","date_gmt":"2014-04-06T14:41:38","guid":{"rendered":"http:\/\/www.hwsystems.cz\/?page_id=147"},"modified":"2023-02-08T08:55:40","modified_gmt":"2023-02-08T07:55:40","slug":"pesi","status":"publish","type":"page","link":"http:\/\/www.hwsystems.cz\/?page_id=147","title":{"rendered":"p\u011b\u0161\u00ed"},"content":{"rendered":"<p><strong>Zpracov\u00e1no pro ubytov\u00e1n\u00ed v La Ciaccia &#8211; lze vyu\u017e\u00edt i pro ubytov\u00e1n\u00ed na San Pietro a mare<\/strong><\/p>\n<p>I nejbli\u017e\u0161\u00ed okol\u00ed domu v\u00e1s jist\u011b pot\u011b\u0161\u00ed mo\u017enostmi jak kr\u00e1tk\u00fdch proch\u00e1zek, tak i del\u0161\u00edch v\u00fdlet\u016f. Nach\u00e1z\u00ed se zde spousta zaj\u00edmav\u00fdch m\u00edst stoj\u00edc\u00edch za zhl\u00e9dnut\u00ed.<\/p>\n<p>MARAGNANI<\/p>\n<p>Proch\u00e1zkou po p\u00edse\u010dn\u00e9 pl\u00e1\u017ei sm\u011brem na Valledorii se asi \u00a0800m nach\u00e1z\u00ed pl\u00e1\u017e Maragnani s \u00fatvary na skal\u00e1ch lemuj\u00edc\u00ed pl\u00e1\u017e p\u0159ipom\u00ednaj\u00edc\u00ed ob\u0159\u00ed tlapy. V\u00a0n\u011bkter\u00fdch m\u00edstech se tak\u00e9 objevuje \u010dern\u00fd p\u00edsek a zelen\u00e9 kameny.<\/p>\n<p>Najdete zde tak\u00e9 \u00fatuln\u00e9 z\u00e1kout\u00ed p\u00edse\u010dn\u00e9 pl\u00e1\u017ee se skaln\u00edm v\u00fdb\u011b\u017ekem, kter\u00fd dod\u00e1v\u00e1 m\u00edstu na malebnosti. V\u00a0tuto chv\u00edli asi do srpna je nutn\u00e9 na za\u010d\u00e1tek p\u00edse\u010dn\u00e9 pl\u00e1\u017ee proj\u00edt p\u0159es vesnici, proto\u017ee na pob\u0159e\u017e\u00ed v\u00a0r\u016fzn\u00fdch \u010d\u00e1stech vesnice prob\u00edh\u00e1 v\u00fdstavba schodi\u0161\u0165 a p\u0159\u00edstup\u016f k\u00a0mo\u0159i.<\/p>\n<p>SAN PIETRO A MARE<\/p>\n<p>Pokud budete pokra\u010dovat\u00a0 po pl\u00e1\u017ei d\u00e1le na Valledorii, po asi 2Km dojdete k\u00a0m\u00edstu nazvan\u00e9mu San Pietro a mare. Je to m\u00edsto, kde se m\u00edstn\u00ed \u0159eka vl\u00e9v\u00e1 do mo\u0159e. \u0158eka zde vytv\u00e1\u0159\u00ed z\u00e1to\u010diny a m\u011blk\u00e1 jez\u00edrka, co\u017e ur\u010dit\u011b ocen\u00ed d\u011bti a ti, kdo maj\u00ed r\u00e1di p\u0159\u00edjemn\u011b proh\u0159\u00e1tou vodu. Na jedn\u00e9 z\u00a0vodn\u00edch ploch je mo\u017en\u00e9 zap\u016fj\u010dit si \u0161lapadla, lo\u010fky, kajaky a projet se po klidn\u00fdch vod\u00e1ch \u0159eky. K\u00a0t\u00e9to p\u016fj\u010dovn\u011b se bohu\u017eel dostanete pouze ze strany od Valledorie \u2013 nach\u00e1z\u00ed se na opa\u010dn\u00e9m b\u0159ehu \u0159eky. P\u011b\u0161ky se k\u00a0n\u00ed dostanete obejit\u00edm kempu, autem pak sta\u010d\u00ed na hlavn\u00ed silnici odbo\u010dit a\u017e n\u00e1sleduj\u00edc\u00ed odbo\u010dku za odbo\u010dkou na San Pietro a mare. P\u016fj\u010dovana organizuje tak\u00e9 sj\u00ed\u017ed\u011bn\u00ed \u0159eky na kajac\u00edch. P\u016fj\u010dovn\u00e9 se pohybuje okolo 10 Eur na hodinu.<\/p>\n<p><b>BAIA OSTINA<\/b><\/p>\n<p>Vydat se tak\u00e9 m\u016f\u017eete na druhou stranu od domu \u2013 sm\u011brem na Castelsardo. Hlavn\u00ed cesta vedouc\u00ed vesnic\u00ed postupn\u011b pokra\u010duje sm\u011brem na \u00fatesy s v\u00fdhledem na nedalek\u00e9 Castelsardo nad mo\u0159em.\u00a0 Kr\u00e1snou vych\u00e1zkou po cest\u011b mezi pob\u0159e\u017e\u00edm a kopcem ty\u010d\u00edc\u00edm se nad La Ciacciou dojdete asi po 3 kilometrech do z\u00e1to\u010diny, kter\u00e1 se jmenuje Baia Ostina. Je to opravdu kouzeln\u00e1 vych\u00e1zka, kterou by jste nem\u011bli vynechat. 1,5 km p\u016fjdete po vcelku oby\u010dejn\u00e9 cest\u011b mezi pastvinami, kter\u00e1 je do konce srpna uzav\u0159ena. Tak 20m p\u0159ed z\u00e1tarasem ale najdete naprosto nen\u00e1padnou cesti\u010dku k obejit\u00ed sm\u011brem k mo\u0159i. Projdete p\u00e1r metr\u016f strnisko a u mo\u0159e se dostanete na vy\u0161lapanou cesti\u010dku, kter\u00e1 obch\u00e1z\u00ed plot ohrani\u010duj\u00edc\u00ed pr\u00e1ce na cest\u011b. Zde pak za\u010d\u00edn\u00e1 ta prav\u00e1 vych\u00e1zka s kouzeln\u00fdmi v\u00fdhledy, n\u00e1dhernou p\u0159\u00edrodou a z\u00e1\u0159iv\u011b pr\u016fzra\u010dn\u00fdm azurov\u00fdm mo\u0159em.<\/p>\n<p><b>CASTELSARDO<\/b><\/p>\n<p>Po dal\u0161\u00edch asi 2 km od Baia Ostiny (tedy asi \u00a05 Km od apartm\u00e1nu) se nach\u00e1z\u00ed kouzeln\u00e9 historick\u00e9 m\u011bste\u010dko \u00a0Castelsardo. N\u00e1v\u0161t\u011bva tohoto m\u011bste\u010dka m\u016f\u017ee b\u00fdt i v\u00fdletem na cel\u00fd den. Najdete zde pevnost, muzeum, antickou v\u011b\u017e, \u00a0p\u0159ekr\u00e1sn\u00e9 kostely, nes\u010detn\u00e9 kamenn\u00e9 uli\u010dky, hradby s\u00a0p\u0159ekr\u00e1sn\u00fdmi v\u00fdhledy, k\u00e1v\u00e1rny, restaurace, obch\u016fdky. N\u00e1dhern\u00e9 nen\u00ed jen centrum m\u011bste\u010dka, ale tak\u00e9 neopakovateln\u00fd park pod hradbami.<\/p>\n<p><b>LA MUDIZZA<\/b><\/p>\n<p>Od domu cestou sm\u011brem od mo\u0159e dojdete poklidnou cestou asi\u00a0 1km do vesni\u010dky La Mudizza. Zde se nach\u00e1z\u00ed na okraji vesnice vina\u0159stv\u00ed uprost\u0159ed vinic, kter\u00e9 po\u0159\u00e1d\u00e1 pro n\u00e1v\u0161t\u011bvn\u00edky ochutn\u00e1vky nejen m\u00edstn\u00edch v\u00edn, ale i specialit jako jsou s\u00fdry, masa atd. Lze jej naj\u00edt podle ukazatel\u016f Agroturismo. Na st\u0159edu vesnice je pak moc p\u011bkn\u00fd kostel\u00ed\u010dek.<\/p>\n<p><b>MONTE OSSONI<\/b><\/p>\n<p>Kopec ty\u010d\u00edc\u00ed se nad La Ciaccou, kter\u00fd je dominantou v\u00fdhledu ze zahrady domu je tak\u00e9 dobr\u00fdm n\u00e1m\u011btem na v\u00fdlet. Odm\u011bnou za v\u00fd\u0161lap jsou kr\u00e1sn\u00e9 v\u00fdhledy na cel\u00fd Asinarsk\u00fd z\u00e1liv a okol\u00ed. V\u00fdstup na kopec je mo\u017en\u00fd ze strany odvr\u00e1cen\u00e9 od mo\u0159e, je tedy zapot\u0159eb\u00ed jej obej\u00edt. Cesta na vrchol je tedy del\u0161\u00ed ne\u017e by se zd\u00e1lo. U vesnice Mudizza kousek od cedule agroturismo je nen\u00e1padn\u00e1 cesti\u010dka na vrchol kopce. Vych\u00e1zka na horu je z\u00e1le\u017eitost\u00ed asi na 3 hodiny.<\/p>\n<p><script><br \/>\n  (function(i,s,o,g,r,a,m){i['GoogleAnalyticsObject']=r;i[r]=i[r]||function(){<br \/>\n  (i[r].q=i[r].q||[]).push(arguments)},i[r].l=1*new Date();a=s.createElement(o),<br \/>\n  m=s.getElementsByTagName(o)[0];a.async=1;a.src=g;m.parentNode.insertBefore(a,m)<br \/>\n  })(window,document,'script','\/\/www.google-analytics.com\/analytics.js','ga');<\/p>\n<p>  ga('create', 'UA-72010429-1', 'auto');<br \/>\n  ga('send', 'pageview');<\/p>\n<p><\/script><\/p>\n","protected":false},"excerpt":{"rendered":"<p>Zpracov\u00e1no pro ubytov\u00e1n\u00ed v La Ciaccia &#8211; lze vyu\u017e\u00edt i pro ubytov\u00e1n\u00ed na San Pietro a mare I nejbli\u017e\u0161\u00ed okol\u00ed domu v\u00e1s jist\u011b pot\u011b\u0161\u00ed mo\u017enostmi jak kr\u00e1tk\u00fdch proch\u00e1zek, tak i del\u0161\u00edch v\u00fdlet\u016f. Nach\u00e1z\u00ed se zde spousta zaj\u00edmav\u00fdch m\u00edst stoj\u00edc\u00edch za zhl\u00e9dnut\u00ed. MARAGNANI Proch\u00e1zkou po p\u00edse\u010dn\u00e9 pl\u00e1\u017ei sm\u011brem na Valledorii se asi \u00a0800m nach\u00e1z\u00ed pl\u00e1\u017e Maragnani s \u00fatvary na skal\u00e1ch lemuj\u00edc\u00ed pl\u00e1\u017e p\u0159ipom\u00ednaj\u00edc\u00ed ob\u0159\u00ed tlapy. V\u00a0n\u011bkter\u00fdch m\u00edstech se tak\u00e9 objevuje \u010dern\u00fd p\u00edsek a zelen\u00e9 kameny. Najdete zde tak\u00e9 \u00fatuln\u00e9 z\u00e1kout\u00ed p\u00edse\u010dn\u00e9 pl\u00e1\u017ee se skaln\u00edm v\u00fdb\u011b\u017ekem, kter\u00fd dod\u00e1v\u00e1 m\u00edstu na malebnosti. V\u00a0tuto chv\u00edli asi do srpna je nutn\u00e9 na za\u010d\u00e1tek p\u00edse\u010dn\u00e9 pl\u00e1\u017ee proj\u00edt p\u0159es vesnici, proto\u017ee na pob\u0159e\u017e\u00ed v\u00a0r\u016fzn\u00fdch \u010d\u00e1stech vesnice prob\u00edh\u00e1 v\u00fdstavba schodi\u0161\u0165 a p\u0159\u00edstup\u016f k\u00a0mo\u0159i. SAN PIETRO A MARE Pokud budete pokra\u010dovat\u00a0 po pl\u00e1\u017ei d\u00e1le na Valledorii, po asi 2Km dojdete k\u00a0m\u00edstu nazvan\u00e9mu San Pietro a mare. Je to m\u00edsto, kde se m\u00edstn\u00ed \u0159eka vl\u00e9v\u00e1 do mo\u0159e. \u0158eka zde vytv\u00e1\u0159\u00ed z\u00e1to\u010diny a m\u011blk\u00e1 jez\u00edrka, co\u017e ur\u010dit\u011b ocen\u00ed d\u011bti a ti, kdo maj\u00ed r\u00e1di p\u0159\u00edjemn\u011b proh\u0159\u00e1tou vodu. Na jedn\u00e9 z\u00a0vodn\u00edch ploch je mo\u017en\u00e9 zap\u016fj\u010dit si \u0161lapadla, lo\u010fky, kajaky a projet se po klidn\u00fdch vod\u00e1ch \u0159eky. K\u00a0t\u00e9to p\u016fj\u010dovn\u011b se bohu\u017eel dostanete pouze ze strany od Valledorie \u2013 nach\u00e1z\u00ed se na opa\u010dn\u00e9m b\u0159ehu \u0159eky. P\u011b\u0161ky se k\u00a0n\u00ed dostanete obejit\u00edm kempu, autem pak sta\u010d\u00ed na hlavn\u00ed silnici odbo\u010dit a\u017e n\u00e1sleduj\u00edc\u00ed odbo\u010dku za odbo\u010dkou na San Pietro a mare. P\u016fj\u010dovana organizuje tak\u00e9 sj\u00ed\u017ed\u011bn\u00ed \u0159eky na kajac\u00edch. P\u016fj\u010dovn\u00e9 se pohybuje okolo 10 Eur na hodinu. BAIA OSTINA Vydat se tak\u00e9 m\u016f\u017eete na druhou stranu od domu <a class=\"read-more\" href=\"http:\/\/www.hwsystems.cz\/?page_id=147\">Continue Reading &#8594;<\/a><\/p>\n","protected":false},"author":1,"featured_media":0,"parent":13,"menu_order":0,"comment_status":"open","ping_status":"open","template":"","meta":[],"_links":{"self":[{"href":"http:\/\/www.hwsystems.cz\/index.php?rest_route=\/wp\/v2\/pages\/147"}],"collection":[{"href":"http:\/\/www.hwsystems.cz\/index.php?rest_route=\/wp\/v2\/pages"}],"about":[{"href":"http:\/\/www.hwsystems.cz\/index.php?rest_route=\/wp\/v2\/types\/page"}],"author":[{"embeddable":true,"href":"http:\/\/www.hwsystems.cz\/index.php?rest_route=\/wp\/v2\/users\/1"}],"replies":[{"embeddable":true,"href":"http:\/\/www.hwsystems.cz\/index.php?rest_route=%2Fwp%2Fv2%2Fcomments&post=147"}],"version-history":[{"count":8,"href":"http:\/\/www.hwsystems.cz\/index.php?rest_route=\/wp\/v2\/pages\/147\/revisions"}],"predecessor-version":[{"id":2062,"href":"http:\/\/www.hwsystems.cz\/index.php?rest_route=\/wp\/v2\/pages\/147\/revisions\/2062"}],"up":[{"embeddable":true,"href":"http:\/\/www.hwsystems.cz\/index.php?rest_route=\/wp\/v2\/pages\/13"}],"wp:attachment":[{"href":"http:\/\/www.hwsystems.cz\/index.php?rest_route=%2Fwp%2Fv2%2Fmedia&parent=147"}],"curies":[{"name":"wp","href":"https:\/\/api.w.org\/{rel}","templated":true}]}}