{"id":8,"date":"2014-03-19T17:43:50","date_gmt":"2014-03-19T16:43:50","guid":{"rendered":"http:\/\/www.hwsystems.cz\/?page_id=8"},"modified":"2025-11-10T09:58:02","modified_gmt":"2025-11-10T08:58:02","slug":"cesta-na-sardinii-jak-k-nam","status":"publish","type":"page","link":"http:\/\/www.hwsystems.cz\/?page_id=8","title":{"rendered":"Letadla, trajekty"},"content":{"rendered":"<p>Jednozna\u010dn\u011b nejpohodln\u011bj\u0161\u00ed je cesta letadlem. P\u0159i v\u010dasn\u00e9 rezervaci je mo\u017en\u00e9 zajistit zp\u00e1te\u010dn\u00ed letenku u\u017e kolem 4 000 K\u010d. Pokud je letenka po\u0159izov\u00e1na kr\u00e1tce p\u0159ed term\u00ednem odletu, cena stoup\u00e1. Pro na\u0161i destinaci jsou nejoptim\u00e1ln\u011bj\u0161\u00ed p\u0159\u00edm\u00e9 lety z Bratislavy nebo Katowic do Alghera se spole\u010dnost\u00ed Ryanair. Tyto lety jsou pravideln\u00e9 a jsou zaji\u0161\u0165ov\u00e1ny v sez\u00f3n\u011b ka\u017ed\u00fd den. Auto k p\u0159eprav\u011b z leti\u0161t\u011b a n\u00e1sledn\u00e9 vyu\u017eit\u00ed v pr\u016fb\u011bhu pobytu, nebo p\u0159\u00edpadn\u011b jen transfer v\u00e1m m\u016f\u017eeme zajistit.<\/p>\n<p>R\u00e1di v\u00e1m porad\u00edme a pom\u016f\u017eeme s vyhled\u00e1n\u00edm a zaji\u0161t\u011bn\u00edm nejvhodn\u011bj\u0161\u00ed letenky.<\/p>\n<p><em>P\u0159\u00edm\u00e9 lety z Bratislavy nebo Katowic<\/em><\/p>\n<p><a href=\"http:\/\/www.ryanair.com\/\" target=\"_blank\" rel=\"noopener\">www.ryanair.com<\/a><\/p>\n<p>Z Prahy je mo\u017en\u00e9 let\u011bt do Olbie se spole\u010dnost\u00ed Smartwings.<\/p>\n<p>Z Brna se d\u00e1 let\u011bt s p\u0159estupem v Mil\u00e1n\u011b \u010di \u0158\u00edm\u011b.<\/p>\n<p>Bez obav se na n\u00e1s m\u016f\u017eete obr\u00e1tit s \u017e\u00e1dost\u00ed o vyhled\u00e1n\u00ed vhodn\u00e9ho spojen\u00ed pro va\u0161i konkr\u00e9tn\u00ed cestu k n\u00e1m.<\/p>\n<p>Nev\u00fdhodou cesty letadlem je, \u017ee jsou omezen\u00e9 mo\u017enosti p\u0159epravy v\u011bt\u0161\u00edch n\u00e1klad\u016f (j\u00edzdn\u00ed kola apod.). Kdo tedy preferuje m\u00edt s sebou na dovolen\u00e9 sv\u00e9 vozidlo a m\u00e1 v pl\u00e1nu p\u0159epravovat objemn\u00fd n\u00e1klad, m\u00e1 hned n\u011bkolik mo\u017enost\u00ed p\u0159epravy trajektem. P\u0159epravu zaji\u0161\u0165uje n\u011bkolik spole\u010dnost\u00ed a na v\u00fdb\u011br je i v\u00edce mo\u017enost\u00ed p\u0159\u00edstav\u016f.<\/p>\n<p>Za nejoptim\u00e1ln\u011bj\u0161\u00ed pova\u017eujeme spojen\u00ed z Livorna, kter\u00e9 je z Moravy vzd\u00e1leno asi 11 hodin j\u00edzdy autem. Do sardsk\u00e9ho p\u0159\u00edstavu Olbie pak j\u00edzda trajektem trv\u00e1 6,5 &#8211; 8 hod, podle konkr\u00e9tn\u00ed plavby. Na j\u00edzdu trajektem je b\u011b\u017en\u00e9 vybavit se n\u011bjakou podlo\u017ekou na le\u017een\u00ed a dekou. Lo\u010f je opravdu velik\u00e1 a jsou zde m\u00edsta a z\u00e1kout\u00ed, kde se d\u00e1 odpo\u010d\u00edvat. S d\u011btmi doporu\u010dujeme sp\u00ed\u0161e objedn\u00e1n\u00ed kajuty, kde se pohodln\u011b vysp\u00edte a umyjete (je zde soci\u00e1ln\u00ed za\u0159\u00edzen\u00ed).<\/p>\n<p>Cenov\u00e9 rozp\u011bt\u00ed je \u0161irok\u00e9 a z\u00e1vis\u00ed na mnoha faktorech. Li\u0161\u00ed se podle konkr\u00e9tn\u00edho p\u0159\u00edstavu, dne v t\u00fddnu, denn\u00ed nebo no\u010dn\u00ed j\u00edzda, velikost auta. Nejv\u00fdrazn\u011bj\u0161\u00edm ovlivn\u011bn\u00edm ceny je doba objedn\u00e1n\u00ed &#8211; \u010d\u00edm bl\u00ed\u017ee term\u00ednu, t\u00edm je plavba dra\u017e\u0161\u00ed. Koup\u011b na m\u00edst\u011b jsou jednozna\u010dn\u011b nejdra\u017e\u0161\u00ed, nav\u00edc m\u016f\u017ee b\u00fdt dokonce i zcela vyprod\u00e1no. Obecn\u011b m\u016f\u017eete po\u010d\u00edtat s \u010d\u00e1stkou 100-200 Euro jedna plavba. L\u00edstek je bez pot\u00ed\u017e\u00ed mo\u017en\u00e9 si koupit p\u0159\u00edmo od p\u0159epravn\u00ed spole\u010dnosti bez zprost\u0159edkovatele.<\/p>\n<p>Trajekty jezd\u00ed v t\u011bchto tras\u00e1ch:<\/p>\n<table width=\"900\" align=\"center\">\n<tbody>\n<tr>\n<td>\n<table border=\"0\" width=\"791\" cellspacing=\"0\" cellpadding=\"5\">\n<tbody>\n<tr>\n<td valign=\"TOP\" width=\"22%\"><b><i><span style=\"font-size: x-large;\">Odjezd<\/span><\/i><\/b><\/td>\n<td valign=\"TOP\" width=\"19%\"><b><i><span style=\"font-size: x-large;\">P\u0159\u00edjezd<\/span><\/i><\/b><\/td>\n<td valign=\"TOP\" width=\"59%\"><b><i><span style=\"font-size: x-large;\">Spole\u010dnost<\/span><\/i><\/b><\/td>\n<\/tr>\n<tr>\n<td valign=\"TOP\" width=\"22%\"><span style=\"font-size: large;\">Genoa<\/span><\/td>\n<td valign=\"TOP\" width=\"19%\"><span style=\"font-size: large;\">Porto Torres<\/span><\/td>\n<td valign=\"TOP\" width=\"59%\"><span style=\"font-size: large;\">Tirrenia, Grandi Navi Veloci (Grimaldi)<\/span><\/td>\n<\/tr>\n<tr>\n<td valign=\"TOP\" width=\"22%\"><\/td>\n<td valign=\"TOP\" width=\"19%\"><span style=\"font-size: large;\">Porto Torres<\/span><\/td>\n<td valign=\"TOP\" width=\"59%\"><span style=\"font-size: large;\">Tirrenia (rychlo trajekt)<\/span><\/td>\n<\/tr>\n<tr>\n<td valign=\"TOP\" width=\"22%\" height=\"2\"><\/td>\n<td valign=\"TOP\" width=\"19%\" height=\"2\"><span style=\"font-size: large;\">Palau<\/span><\/td>\n<td valign=\"TOP\" width=\"59%\" height=\"2\"><span style=\"font-size: large;\">T.R.I.S.<\/span><\/td>\n<\/tr>\n<tr>\n<td valign=\"TOP\" width=\"22%\" height=\"2\"><\/td>\n<td valign=\"TOP\" width=\"19%\" height=\"2\"><span style=\"font-size: large;\">Santa Teresa<\/span><\/td>\n<td valign=\"TOP\" width=\"59%\" height=\"2\"><span style=\"font-size: large;\">Moby Lines (p\u0159es Korsiku)<\/span><\/td>\n<\/tr>\n<tr>\n<td valign=\"TOP\" width=\"22%\" height=\"2\"><\/td>\n<td valign=\"TOP\" width=\"19%\" height=\"2\"><span style=\"font-size: large;\">Olbia<\/span><\/td>\n<td valign=\"TOP\" width=\"59%\" height=\"2\"><span style=\"font-size: large;\">Tirrenia, Grandi Navi Veloci (Grimaldi)<\/span><\/td>\n<\/tr>\n<tr>\n<td valign=\"TOP\" width=\"22%\" height=\"2\"><span style=\"font-size: large;\">La Spezia<\/span><\/td>\n<td valign=\"TOP\" width=\"19%\" height=\"2\"><span style=\"font-size: large;\">Golfo Aranci<\/span><\/td>\n<td valign=\"TOP\" width=\"59%\" height=\"2\"><span style=\"font-size: large;\">Tirrenia (rychlo trajekt)<\/span><\/td>\n<\/tr>\n<tr>\n<td valign=\"TOP\" width=\"22%\" height=\"2\"><span style=\"font-size: large;\">Livorno<\/span><\/td>\n<td valign=\"TOP\" width=\"19%\" height=\"2\"><span style=\"font-size: large;\">Golfo Aranci<\/span><\/td>\n<td valign=\"TOP\" width=\"59%\" height=\"2\"><span style=\"font-size: large;\">Sardinia Ferries<\/span><\/td>\n<\/tr>\n<tr>\n<td valign=\"TOP\" width=\"22%\" height=\"2\"><\/td>\n<td valign=\"TOP\" width=\"19%\" height=\"2\"><span style=\"font-size: large;\">Golfo Aranci<\/span><\/td>\n<td valign=\"TOP\" width=\"59%\" height=\"2\"><span style=\"font-size: large;\">Sardinia Ferries (rychlo trajekt)<\/span><\/td>\n<\/tr>\n<tr>\n<td valign=\"TOP\" width=\"22%\" height=\"2\"><\/td>\n<td valign=\"TOP\" width=\"19%\" height=\"2\"><span style=\"font-size: large;\">Olbia<\/span><\/td>\n<td valign=\"TOP\" width=\"59%\" height=\"2\"><span style=\"font-size: large;\">Moby Lines<\/span><\/td>\n<\/tr>\n<tr>\n<td valign=\"TOP\" width=\"22%\" height=\"2\"><\/td>\n<td valign=\"TOP\" width=\"19%\" height=\"2\"><span style=\"font-size: large;\">Santa Teresa<\/span><\/td>\n<td valign=\"TOP\" width=\"59%\" height=\"2\"><span style=\"font-size: large;\">Moby Lines, Corsica Ferries (oba p\u0159es Korsiku)<\/span><\/td>\n<\/tr>\n<tr>\n<td valign=\"TOP\" width=\"22%\" height=\"2\"><span style=\"font-size: large;\">Piombino<\/span><\/td>\n<td valign=\"TOP\" width=\"19%\" height=\"2\"><span style=\"font-size: large;\">Olbia<\/span><\/td>\n<td valign=\"TOP\" width=\"59%\" height=\"2\"><span style=\"font-size: large;\">Linea dei Golfi<\/span><\/td>\n<\/tr>\n<tr>\n<td valign=\"TOP\" width=\"22%\" height=\"2\"><span style=\"font-size: large;\">Civitavecchia<\/span><\/td>\n<td valign=\"TOP\" width=\"19%\" height=\"2\"><span style=\"font-size: large;\">Olbia<\/span><\/td>\n<td valign=\"TOP\" width=\"59%\" height=\"2\"><span style=\"font-size: large;\">Tirrenia<\/span><\/td>\n<\/tr>\n<tr>\n<td valign=\"TOP\" width=\"22%\" height=\"2\"><\/td>\n<td valign=\"TOP\" width=\"19%\" height=\"2\"><span style=\"font-size: large;\">Olbia<\/span><\/td>\n<td valign=\"TOP\" width=\"59%\" height=\"2\"><span style=\"font-size: large;\">Tirrenia (rychlo trajekt)<\/span><\/td>\n<\/tr>\n<tr>\n<td valign=\"TOP\" width=\"22%\" height=\"2\"><\/td>\n<td valign=\"TOP\" width=\"19%\" height=\"2\"><span style=\"font-size: large;\">Golfo Aranci<\/span><\/td>\n<td valign=\"TOP\" width=\"59%\" height=\"2\"><span style=\"font-size: large;\">Sardinia Ferries<\/span><\/td>\n<\/tr>\n<tr>\n<td valign=\"TOP\" width=\"22%\" height=\"2\"><\/td>\n<td valign=\"TOP\" width=\"19%\" height=\"2\"><span style=\"font-size: large;\">Golfo Aranci<\/span><\/td>\n<td valign=\"TOP\" width=\"59%\" height=\"2\"><span style=\"font-size: large;\">Sardinia Ferries (rychlo trajekt)<\/span><\/td>\n<\/tr>\n<\/tbody>\n<\/table>\n<\/td>\n<\/tr>\n<\/tbody>\n<\/table>\n<p>S jak\u00fdmikoliv dotazy ohledn\u011b cesty v\u00e1m porad\u00edme<\/p>\n<p><i>Str\u00e1nky spole\u010dnost\u00ed zaji\u0161\u0165uj\u00edc\u00edch p\u0159epravu:<\/i><\/p>\n<p>www.directferries.com &#8211; vyhledava\u010d v\u0161ech spojen\u00ed, zobraz\u00ed v\u0161echny spole\u010dnosti na trase.<\/p>\n<p><a href=\"http:\/\/www.corsicaferries.com\/\" target=\"_blank\" rel=\"noopener\">www.corsicaferries.com<\/a><br \/>\n<a href=\"http:\/\/www.mobylines.it\/\" target=\"_blank\" rel=\"noopener\">www.mobylines.it<\/a><br \/>\n<a href=\"http:\/\/www.tirrenia.it\/\" target=\"_blank\" rel=\"noopener\">www.tirrenia.it<\/a><\/p>\n<p><script><br \/>\n  (function(i,s,o,g,r,a,m){i['GoogleAnalyticsObject']=r;i[r]=i[r]||function(){<br \/>\n  (i[r].q=i[r].q||[]).push(arguments)},i[r].l=1*new Date();a=s.createElement(o),<br \/>\n  m=s.getElementsByTagName(o)[0];a.async=1;a.src=g;m.parentNode.insertBefore(a,m)<br \/>\n  })(window,document,'script','\/\/www.google-analytics.com\/analytics.js','ga');<\/p>\n<p>  ga('create', 'UA-72010429-1', 'auto');<br \/>\n  ga('send', 'pageview');<\/p>\n<p><\/script><\/p>\n","protected":false},"excerpt":{"rendered":"<p>Jednozna\u010dn\u011b nejpohodln\u011bj\u0161\u00ed je cesta letadlem. P\u0159i v\u010dasn\u00e9 rezervaci je mo\u017en\u00e9 zajistit zp\u00e1te\u010dn\u00ed letenku u\u017e kolem 4 000 K\u010d. Pokud je letenka po\u0159izov\u00e1na kr\u00e1tce p\u0159ed term\u00ednem odletu, cena stoup\u00e1. Pro na\u0161i destinaci jsou nejoptim\u00e1ln\u011bj\u0161\u00ed p\u0159\u00edm\u00e9 lety z Bratislavy nebo Katowic do Alghera se spole\u010dnost\u00ed Ryanair. Tyto lety jsou pravideln\u00e9 a jsou zaji\u0161\u0165ov\u00e1ny v sez\u00f3n\u011b ka\u017ed\u00fd den. Auto k p\u0159eprav\u011b z leti\u0161t\u011b a n\u00e1sledn\u00e9 vyu\u017eit\u00ed v pr\u016fb\u011bhu pobytu, nebo p\u0159\u00edpadn\u011b jen transfer v\u00e1m m\u016f\u017eeme zajistit. R\u00e1di v\u00e1m porad\u00edme a pom\u016f\u017eeme s vyhled\u00e1n\u00edm a zaji\u0161t\u011bn\u00edm nejvhodn\u011bj\u0161\u00ed letenky. P\u0159\u00edm\u00e9 lety z Bratislavy nebo Katowic www.ryanair.com Z Prahy je mo\u017en\u00e9 let\u011bt do Olbie se spole\u010dnost\u00ed Smartwings. Z Brna se d\u00e1 let\u011bt s p\u0159estupem v Mil\u00e1n\u011b \u010di \u0158\u00edm\u011b. Bez obav se na n\u00e1s m\u016f\u017eete obr\u00e1tit s \u017e\u00e1dost\u00ed o vyhled\u00e1n\u00ed vhodn\u00e9ho spojen\u00ed pro va\u0161i konkr\u00e9tn\u00ed cestu k n\u00e1m. Nev\u00fdhodou cesty letadlem je, \u017ee jsou omezen\u00e9 mo\u017enosti p\u0159epravy v\u011bt\u0161\u00edch n\u00e1klad\u016f (j\u00edzdn\u00ed kola apod.). Kdo tedy preferuje m\u00edt s sebou na dovolen\u00e9 sv\u00e9 vozidlo a m\u00e1 v pl\u00e1nu p\u0159epravovat objemn\u00fd n\u00e1klad, m\u00e1 hned n\u011bkolik mo\u017enost\u00ed p\u0159epravy trajektem. P\u0159epravu zaji\u0161\u0165uje n\u011bkolik spole\u010dnost\u00ed a na v\u00fdb\u011br je i v\u00edce mo\u017enost\u00ed p\u0159\u00edstav\u016f. Za nejoptim\u00e1ln\u011bj\u0161\u00ed pova\u017eujeme spojen\u00ed z Livorna, kter\u00e9 je z Moravy vzd\u00e1leno asi 11 hodin j\u00edzdy autem. Do sardsk\u00e9ho p\u0159\u00edstavu Olbie pak j\u00edzda trajektem trv\u00e1 6,5 &#8211; 8 hod, podle konkr\u00e9tn\u00ed plavby. Na j\u00edzdu trajektem je b\u011b\u017en\u00e9 vybavit se n\u011bjakou podlo\u017ekou na le\u017een\u00ed a dekou. Lo\u010f je opravdu velik\u00e1 a jsou zde m\u00edsta a z\u00e1kout\u00ed, kde se d\u00e1 odpo\u010d\u00edvat. S d\u011btmi doporu\u010dujeme sp\u00ed\u0161e objedn\u00e1n\u00ed kajuty, kde se pohodln\u011b vysp\u00edte a umyjete <a class=\"read-more\" href=\"http:\/\/www.hwsystems.cz\/?page_id=8\">Continue Reading &#8594;<\/a><\/p>\n","protected":false},"author":1,"featured_media":0,"parent":159,"menu_order":1,"comment_status":"open","ping_status":"open","template":"","meta":[],"_links":{"self":[{"href":"http:\/\/www.hwsystems.cz\/index.php?rest_route=\/wp\/v2\/pages\/8"}],"collection":[{"href":"http:\/\/www.hwsystems.cz\/index.php?rest_route=\/wp\/v2\/pages"}],"about":[{"href":"http:\/\/www.hwsystems.cz\/index.php?rest_route=\/wp\/v2\/types\/page"}],"author":[{"embeddable":true,"href":"http:\/\/www.hwsystems.cz\/index.php?rest_route=\/wp\/v2\/users\/1"}],"replies":[{"embeddable":true,"href":"http:\/\/www.hwsystems.cz\/index.php?rest_route=%2Fwp%2Fv2%2Fcomments&post=8"}],"version-history":[{"count":14,"href":"http:\/\/www.hwsystems.cz\/index.php?rest_route=\/wp\/v2\/pages\/8\/revisions"}],"predecessor-version":[{"id":2447,"href":"http:\/\/www.hwsystems.cz\/index.php?rest_route=\/wp\/v2\/pages\/8\/revisions\/2447"}],"up":[{"embeddable":true,"href":"http:\/\/www.hwsystems.cz\/index.php?rest_route=\/wp\/v2\/pages\/159"}],"wp:attachment":[{"href":"http:\/\/www.hwsystems.cz\/index.php?rest_route=%2Fwp%2Fv2%2Fmedia&parent=8"}],"curies":[{"name":"wp","href":"https:\/\/api.w.org\/{rel}","templated":true}]}}