{"id":13,"date":"2014-03-19T17:45:13","date_gmt":"2014-03-19T16:45:13","guid":{"rendered":"http:\/\/www.hwsystems.cz\/?page_id=13"},"modified":"2019-05-06T13:07:43","modified_gmt":"2019-05-06T11:07:43","slug":"vylety-do-okoli","status":"publish","type":"page","link":"https:\/\/www.hwsystems.cz\/?page_id=13","title":{"rendered":"V\u00fdlety do okol\u00ed"},"content":{"rendered":"<p>Apartm\u00e1n m\u00e1 opravdu skv\u011blou polohu. N\u011bkolik metr\u016f od domu je sm\u00ed\u0161en\u00e1 pl\u00e1\u017e a asi 400 metr\u016f ch\u016fze po pl\u00e1\u017ei nebo vesnic\u00ed postupn\u011b za\u010d\u00edn\u00e1 p\u00edse\u010dn\u00e1 pl\u00e1\u017e dlouh\u00e1 n\u011bkolik kilometr\u016f. Dva kilometry po pl\u00e1\u017ei se vl\u00e9v\u00e1 do mo\u0159e \u0159\u00ed\u010dka, kter\u00e1 vytv\u00e1\u0159\u00ed malebn\u00e9 z\u00e1kruty a jez\u00edrka \u2013 na jednom z nich se p\u016fj\u010duj\u00ed lodi\u010dky, \u0161lapadla apod. Druh\u00fdm sm\u011brem po pob\u0159e\u017e\u00ed vede od apartm\u00e1nu cesta nad \u00fatesy, kterou je mo\u017en\u00e9 doj\u00edt k mal\u00fdm p\u00edse\u010dn\u00fdm pl\u00e1\u017e\u00edm mezi \u00fatesy a po cca\u00a05 kilometrech do historick\u00e9ho m\u011bste\u010dka Castelsardo. Je tam n\u00e1dhern\u00e1 pevnost, mal\u00e9 kamenn\u00e9 uli\u010dky, kostely, muzea a velk\u00e9 mno\u017estv\u00ed kulturn\u00edch akc\u00ed. Sm\u011brem do kopc\u016f je asi 1,5 km vina\u0159sk\u00e1 vesni\u010dka kde jsou organizov\u00e1ny ochutn\u00e1vky m\u00edstn\u00edch v\u00edn, tane\u010dn\u00ed ve\u010dery atd.\u00a0N\u00e1dhern\u00e9 v\u00fdlety se daj\u00ed podnikat\u00a0i v nejbli\u017e\u0161\u00edm okol\u00ed\u00a0 v okruhu 15 km. Term\u00e1ln\u00ed prameny Casteldoria, kr\u00e1sn\u00e9 pl\u00e1\u017ee v Isola Rosa, Badesi, Costa paradiso, horsk\u00e9 vesni\u010dky, spousta historick\u00fdch pam\u00e1tek&#8230;<\/p>\n<p><a href=\"http:\/\/www.hwsystems.cz\/?page_id=289\">nejbli\u017e\u0161\u00ed pl\u00e1\u017ee<\/a><br \/>\n<a href=\"http:\/\/www.hwsystems.cz\/?page_id=147\">p\u011b\u0161\u00ed<\/a><br \/>\n<a href=\"http:\/\/www.hwsystems.cz\/?page_id=150\">autem<\/a><br \/>\n<a href=\"http:\/\/www.hwsystems.cz\/?page_id=154\">pl\u00e1\u017ee<\/a><br \/>\n<a href=\"http:\/\/www.hwsystems.cz\/?page_id=573\">p\u0159\u00edroda<\/a><br \/>\n<a href=\"http:\/\/www.hwsystems.cz\/?page_id=152\">kultura<\/a><br \/>\n<a href=\"http:\/\/www.hwsystems.cz\/?page_id=326\">fotogalerie<\/a><\/p>\n<p><a href=\"http:\/\/www.hwsystems.cz\/wp-content\/uploads\/2014\/04\/9.jpg\"><img loading=\"lazy\" class=\"aligncenter size-full wp-image-140\" src=\"http:\/\/www.hwsystems.cz\/wp-content\/uploads\/2014\/04\/9.jpg\" alt=\"Region\" width=\"510\" height=\"510\" srcset=\"https:\/\/www.hwsystems.cz\/wp-content\/uploads\/2014\/04\/9.jpg 510w, https:\/\/www.hwsystems.cz\/wp-content\/uploads\/2014\/04\/9-150x150.jpg 150w, https:\/\/www.hwsystems.cz\/wp-content\/uploads\/2014\/04\/9-300x300.jpg 300w\" sizes=\"(max-width: 510px) 100vw, 510px\" \/><\/a><\/p>\n<p>&nbsp;<\/p>\n<p><script>\n  (function(i,s,o,g,r,a,m){i['GoogleAnalyticsObject']=r;i[r]=i[r]||function(){\n  (i[r].q=i[r].q||[]).push(arguments)},i[r].l=1*new Date();a=s.createElement(o),\n  m=s.getElementsByTagName(o)[0];a.async=1;a.src=g;m.parentNode.insertBefore(a,m)\n  })(window,document,'script','\/\/www.google-analytics.com\/analytics.js','ga');<\/p>\n<p>  ga('create', 'UA-72010429-1', 'auto');\n  ga('send', 'pageview');<\/p>\n<p><\/script><\/p>\n","protected":false},"excerpt":{"rendered":"<p>Apartm\u00e1n m\u00e1 opravdu skv\u011blou polohu. N\u011bkolik metr\u016f od domu je sm\u00ed\u0161en\u00e1 pl\u00e1\u017e a asi 400 metr\u016f ch\u016fze po pl\u00e1\u017ei nebo vesnic\u00ed postupn\u011b za\u010d\u00edn\u00e1 p\u00edse\u010dn\u00e1 pl\u00e1\u017e dlouh\u00e1 n\u011bkolik kilometr\u016f. Dva kilometry po pl\u00e1\u017ei se vl\u00e9v\u00e1 do mo\u0159e \u0159\u00ed\u010dka, kter\u00e1 vytv\u00e1\u0159\u00ed malebn\u00e9 z\u00e1kruty a jez\u00edrka \u2013 na jednom z nich se p\u016fj\u010duj\u00ed lodi\u010dky, \u0161lapadla apod. Druh\u00fdm sm\u011brem po pob\u0159e\u017e\u00ed vede od apartm\u00e1nu cesta nad \u00fatesy, kterou je mo\u017en\u00e9 doj\u00edt k mal\u00fdm p\u00edse\u010dn\u00fdm pl\u00e1\u017e\u00edm mezi \u00fatesy a po cca\u00a05 kilometrech do historick\u00e9ho m\u011bste\u010dka Castelsardo. Je tam n\u00e1dhern\u00e1 pevnost, mal\u00e9 kamenn\u00e9 uli\u010dky, kostely, muzea a velk\u00e9 mno\u017estv\u00ed kulturn\u00edch akc\u00ed. Sm\u011brem do kopc\u016f je asi 1,5 km vina\u0159sk\u00e1 vesni\u010dka kde jsou organizov\u00e1ny ochutn\u00e1vky m\u00edstn\u00edch v\u00edn, tane\u010dn\u00ed ve\u010dery atd.\u00a0N\u00e1dhern\u00e9 v\u00fdlety se daj\u00ed podnikat\u00a0i v nejbli\u017e\u0161\u00edm okol\u00ed\u00a0 v okruhu 15 km. Term\u00e1ln\u00ed prameny Casteldoria, kr\u00e1sn\u00e9 pl\u00e1\u017ee v Isola Rosa, Badesi, Costa paradiso, horsk\u00e9 vesni\u010dky, spousta historick\u00fdch pam\u00e1tek&#8230; nejbli\u017e\u0161\u00ed pl\u00e1\u017ee p\u011b\u0161\u00ed autem pl\u00e1\u017ee p\u0159\u00edroda kultura fotogalerie &nbsp;<\/p>\n","protected":false},"author":1,"featured_media":0,"parent":0,"menu_order":4,"comment_status":"open","ping_status":"open","template":"","meta":[],"_links":{"self":[{"href":"https:\/\/www.hwsystems.cz\/index.php?rest_route=\/wp\/v2\/pages\/13"}],"collection":[{"href":"https:\/\/www.hwsystems.cz\/index.php?rest_route=\/wp\/v2\/pages"}],"about":[{"href":"https:\/\/www.hwsystems.cz\/index.php?rest_route=\/wp\/v2\/types\/page"}],"author":[{"embeddable":true,"href":"https:\/\/www.hwsystems.cz\/index.php?rest_route=\/wp\/v2\/users\/1"}],"replies":[{"embeddable":true,"href":"https:\/\/www.hwsystems.cz\/index.php?rest_route=%2Fwp%2Fv2%2Fcomments&post=13"}],"version-history":[{"count":8,"href":"https:\/\/www.hwsystems.cz\/index.php?rest_route=\/wp\/v2\/pages\/13\/revisions"}],"predecessor-version":[{"id":1118,"href":"https:\/\/www.hwsystems.cz\/index.php?rest_route=\/wp\/v2\/pages\/13\/revisions\/1118"}],"wp:attachment":[{"href":"https:\/\/www.hwsystems.cz\/index.php?rest_route=%2Fwp%2Fv2%2Fmedia&parent=13"}],"curies":[{"name":"wp","href":"https:\/\/api.w.org\/{rel}","templated":true}]}}